{"id":2793,"date":"2025-08-22T13:17:08","date_gmt":"2025-08-22T11:17:08","guid":{"rendered":"https:\/\/gb.kitzbuehel.com\/?page_id=2793"},"modified":"2025-08-22T13:17:35","modified_gmt":"2025-08-22T11:17:35","slug":"dr-christian-harisch","status":"publish","type":"page","link":"https:\/\/gb.kitzbuehel.com\/2024\/dr-christian-harisch\/","title":{"rendered":"Dr. Christian Harisch"},"content":{"rendered":"<h2><em><strong>Zusammenhalt st\u00e4rken in Zeiten von Krisen und Umbr\u00fcchen.<\/strong><\/em><\/h2>\n","protected":false},"excerpt":{"rendered":"<p>Zusammenhalt st\u00e4rken in Zeiten von Krisen und Umbr\u00fcchen.<\/p>\n","protected":false},"author":1,"featured_media":2789,"parent":0,"menu_order":0,"comment_status":"closed","ping_status":"closed","template":"template-statement.php","meta":{"footnotes":""},"class_list":["post-2793","page","type-page","status-publish","has-post-thumbnail","hentry"],"yoast_head":"<!-- This site is optimized with the Yoast SEO plugin v27.3 - https:\/\/yoast.com\/product\/yoast-seo-wordpress\/ -->\n<title>Dr. Christian Harisch - Gesch\u00e4ftsbericht 2024<\/title>\n<meta name=\"robots\" content=\"noindex, follow, max-snippet:-1, max-image-preview:large, max-video-preview:-1\" \/>\n<meta property=\"og:locale\" content=\"de_DE\" \/>\n<meta property=\"og:type\" content=\"article\" \/>\n<meta property=\"og:title\" content=\"Dr. Christian Harisch - Gesch\u00e4ftsbericht 2024\" \/>\n<meta property=\"og:description\" content=\"Zusammenhalt st\u00e4rken in Zeiten von Krisen und Umbr\u00fcchen.\" \/>\n<meta property=\"og:url\" content=\"https:\/\/gb.kitzbuehel.com\/2024\/dr-christian-harisch\/\" \/>\n<meta property=\"og:site_name\" content=\"Gesch\u00e4ftsbericht 2024\" \/>\n<meta property=\"article:modified_time\" content=\"2025-08-22T11:17:35+00:00\" \/>\n<meta property=\"og:image\" content=\"https:\/\/gb.kitzbuehel.com\/2024\/wp-content\/uploads\/sites\/6\/2025\/08\/Ellipse-3.jpg\" \/>\n\t<meta property=\"og:image:width\" content=\"282\" \/>\n\t<meta property=\"og:image:height\" content=\"283\" \/>\n\t<meta property=\"og:image:type\" content=\"image\/jpeg\" \/>\n<meta name=\"twitter:card\" content=\"summary_large_image\" \/>\n<meta name=\"twitter:label1\" content=\"Gesch\u00e4tzte Lesezeit\" \/>\n\t<meta name=\"twitter:data1\" content=\"1 Minute\" \/>\n<script type=\"application\/ld+json\" class=\"yoast-schema-graph\">{\"@context\":\"https:\\\/\\\/schema.org\",\"@graph\":[{\"@type\":\"WebPage\",\"@id\":\"https:\\\/\\\/gb.kitzbuehel.com\\\/2024\\\/dr-christian-harisch\\\/\",\"url\":\"https:\\\/\\\/gb.kitzbuehel.com\\\/2024\\\/dr-christian-harisch\\\/\",\"name\":\"Dr. Christian Harisch - Gesch\u00e4ftsbericht 2024\",\"isPartOf\":{\"@id\":\"https:\\\/\\\/gb.kitzbuehel.com\\\/2024\\\/#website\"},\"primaryImageOfPage\":{\"@id\":\"https:\\\/\\\/gb.kitzbuehel.com\\\/2024\\\/dr-christian-harisch\\\/#primaryimage\"},\"image\":{\"@id\":\"https:\\\/\\\/gb.kitzbuehel.com\\\/2024\\\/dr-christian-harisch\\\/#primaryimage\"},\"thumbnailUrl\":\"https:\\\/\\\/gb.kitzbuehel.com\\\/2024\\\/wp-content\\\/uploads\\\/sites\\\/6\\\/2025\\\/08\\\/Ellipse-3.jpg\",\"datePublished\":\"2025-08-22T11:17:08+00:00\",\"dateModified\":\"2025-08-22T11:17:35+00:00\",\"breadcrumb\":{\"@id\":\"https:\\\/\\\/gb.kitzbuehel.com\\\/2024\\\/dr-christian-harisch\\\/#breadcrumb\"},\"inLanguage\":\"de-AT\",\"potentialAction\":[{\"@type\":\"ReadAction\",\"target\":[\"https:\\\/\\\/gb.kitzbuehel.com\\\/2024\\\/dr-christian-harisch\\\/\"]}]},{\"@type\":\"ImageObject\",\"inLanguage\":\"de-AT\",\"@id\":\"https:\\\/\\\/gb.kitzbuehel.com\\\/2024\\\/dr-christian-harisch\\\/#primaryimage\",\"url\":\"https:\\\/\\\/gb.kitzbuehel.com\\\/2024\\\/wp-content\\\/uploads\\\/sites\\\/6\\\/2025\\\/08\\\/Ellipse-3.jpg\",\"contentUrl\":\"https:\\\/\\\/gb.kitzbuehel.com\\\/2024\\\/wp-content\\\/uploads\\\/sites\\\/6\\\/2025\\\/08\\\/Ellipse-3.jpg\",\"width\":282,\"height\":283},{\"@type\":\"BreadcrumbList\",\"@id\":\"https:\\\/\\\/gb.kitzbuehel.com\\\/2024\\\/dr-christian-harisch\\\/#breadcrumb\",\"itemListElement\":[{\"@type\":\"ListItem\",\"position\":1,\"name\":\"Home\",\"item\":\"https:\\\/\\\/gb.kitzbuehel.com\\\/2024\\\/\"},{\"@type\":\"ListItem\",\"position\":2,\"name\":\"Dr. Christian Harisch\"}]},{\"@type\":\"WebSite\",\"@id\":\"https:\\\/\\\/gb.kitzbuehel.com\\\/2024\\\/#website\",\"url\":\"https:\\\/\\\/gb.kitzbuehel.com\\\/2024\\\/\",\"name\":\"Gesch\u00e4ftsbericht 2024\",\"description\":\"\",\"potentialAction\":[{\"@type\":\"SearchAction\",\"target\":{\"@type\":\"EntryPoint\",\"urlTemplate\":\"https:\\\/\\\/gb.kitzbuehel.com\\\/2024\\\/?s={search_term_string}\"},\"query-input\":{\"@type\":\"PropertyValueSpecification\",\"valueRequired\":true,\"valueName\":\"search_term_string\"}}],\"inLanguage\":\"de-AT\"}]}<\/script>\n<!-- \/ Yoast SEO plugin. -->","yoast_head_json":{"title":"Dr. Christian Harisch - Gesch\u00e4ftsbericht 2024","robots":{"index":"noindex","follow":"follow","max-snippet":"max-snippet:-1","max-image-preview":"max-image-preview:large","max-video-preview":"max-video-preview:-1"},"og_locale":"de_DE","og_type":"article","og_title":"Dr. Christian Harisch - Gesch\u00e4ftsbericht 2024","og_description":"Zusammenhalt st\u00e4rken in Zeiten von Krisen und Umbr\u00fcchen.","og_url":"https:\/\/gb.kitzbuehel.com\/2024\/dr-christian-harisch\/","og_site_name":"Gesch\u00e4ftsbericht 2024","article_modified_time":"2025-08-22T11:17:35+00:00","og_image":[{"width":282,"height":283,"url":"https:\/\/gb.kitzbuehel.com\/2024\/wp-content\/uploads\/sites\/6\/2025\/08\/Ellipse-3.jpg","type":"image\/jpeg"}],"twitter_card":"summary_large_image","twitter_misc":{"Gesch\u00e4tzte Lesezeit":"1 Minute"},"schema":{"@context":"https:\/\/schema.org","@graph":[{"@type":"WebPage","@id":"https:\/\/gb.kitzbuehel.com\/2024\/dr-christian-harisch\/","url":"https:\/\/gb.kitzbuehel.com\/2024\/dr-christian-harisch\/","name":"Dr. Christian Harisch - Gesch\u00e4ftsbericht 2024","isPartOf":{"@id":"https:\/\/gb.kitzbuehel.com\/2024\/#website"},"primaryImageOfPage":{"@id":"https:\/\/gb.kitzbuehel.com\/2024\/dr-christian-harisch\/#primaryimage"},"image":{"@id":"https:\/\/gb.kitzbuehel.com\/2024\/dr-christian-harisch\/#primaryimage"},"thumbnailUrl":"https:\/\/gb.kitzbuehel.com\/2024\/wp-content\/uploads\/sites\/6\/2025\/08\/Ellipse-3.jpg","datePublished":"2025-08-22T11:17:08+00:00","dateModified":"2025-08-22T11:17:35+00:00","breadcrumb":{"@id":"https:\/\/gb.kitzbuehel.com\/2024\/dr-christian-harisch\/#breadcrumb"},"inLanguage":"de-AT","potentialAction":[{"@type":"ReadAction","target":["https:\/\/gb.kitzbuehel.com\/2024\/dr-christian-harisch\/"]}]},{"@type":"ImageObject","inLanguage":"de-AT","@id":"https:\/\/gb.kitzbuehel.com\/2024\/dr-christian-harisch\/#primaryimage","url":"https:\/\/gb.kitzbuehel.com\/2024\/wp-content\/uploads\/sites\/6\/2025\/08\/Ellipse-3.jpg","contentUrl":"https:\/\/gb.kitzbuehel.com\/2024\/wp-content\/uploads\/sites\/6\/2025\/08\/Ellipse-3.jpg","width":282,"height":283},{"@type":"BreadcrumbList","@id":"https:\/\/gb.kitzbuehel.com\/2024\/dr-christian-harisch\/#breadcrumb","itemListElement":[{"@type":"ListItem","position":1,"name":"Home","item":"https:\/\/gb.kitzbuehel.com\/2024\/"},{"@type":"ListItem","position":2,"name":"Dr. Christian Harisch"}]},{"@type":"WebSite","@id":"https:\/\/gb.kitzbuehel.com\/2024\/#website","url":"https:\/\/gb.kitzbuehel.com\/2024\/","name":"Gesch\u00e4ftsbericht 2024","description":"","potentialAction":[{"@type":"SearchAction","target":{"@type":"EntryPoint","urlTemplate":"https:\/\/gb.kitzbuehel.com\/2024\/?s={search_term_string}"},"query-input":{"@type":"PropertyValueSpecification","valueRequired":true,"valueName":"search_term_string"}}],"inLanguage":"de-AT"}]}},"_links":{"self":[{"href":"https:\/\/gb.kitzbuehel.com\/2024\/wp-json\/wp\/v2\/pages\/2793","targetHints":{"allow":["GET"]}}],"collection":[{"href":"https:\/\/gb.kitzbuehel.com\/2024\/wp-json\/wp\/v2\/pages"}],"about":[{"href":"https:\/\/gb.kitzbuehel.com\/2024\/wp-json\/wp\/v2\/types\/page"}],"author":[{"embeddable":true,"href":"https:\/\/gb.kitzbuehel.com\/2024\/wp-json\/wp\/v2\/users\/1"}],"replies":[{"embeddable":true,"href":"https:\/\/gb.kitzbuehel.com\/2024\/wp-json\/wp\/v2\/comments?post=2793"}],"version-history":[{"count":2,"href":"https:\/\/gb.kitzbuehel.com\/2024\/wp-json\/wp\/v2\/pages\/2793\/revisions"}],"predecessor-version":[{"id":2795,"href":"https:\/\/gb.kitzbuehel.com\/2024\/wp-json\/wp\/v2\/pages\/2793\/revisions\/2795"}],"wp:featuredmedia":[{"embeddable":true,"href":"https:\/\/gb.kitzbuehel.com\/2024\/wp-json\/wp\/v2\/media\/2789"}],"wp:attachment":[{"href":"https:\/\/gb.kitzbuehel.com\/2024\/wp-json\/wp\/v2\/media?parent=2793"}],"curies":[{"name":"wp","href":"https:\/\/api.w.org\/{rel}","templated":true}]}}